{"id":199,"date":"2019-02-13T13:01:10","date_gmt":"2019-02-13T12:01:10","guid":{"rendered":"https:\/\/wp.imfit.pl\/?page_id=199"},"modified":"2019-02-13T13:01:12","modified_gmt":"2019-02-13T12:01:12","slug":"polityka-prywatnosci","status":"publish","type":"page","link":"https:\/\/imfit.pl\/ru\/polityka-prywatnosci\/","title":{"rendered":"Polityka prywatno\u015bci"},"content":{"rendered":"","protected":false},"excerpt":{"rendered":"","protected":false},"author":1,"featured_media":0,"parent":0,"menu_order":0,"comment_status":"closed","ping_status":"closed","template":"","meta":{"_monsterinsights_skip_tracking":false,"_monsterinsights_sitenote_active":false,"_monsterinsights_sitenote_note":"","_monsterinsights_sitenote_category":0},"translation":{"provider":"WPGlobus","version":"3.0.1","language":"ru","enabled_languages":["en","es","de","fr","ru"],"languages":{"en":{"title":true,"content":false,"excerpt":false},"es":{"title":false,"content":false,"excerpt":false},"de":{"title":false,"content":false,"excerpt":false},"fr":{"title":false,"content":false,"excerpt":false},"ru":{"title":false,"content":false,"excerpt":false}}},"yoast_head":"<!-- This site is optimized with the Yoast SEO plugin v18.4.1 - https:\/\/yoast.com\/wordpress\/plugins\/seo\/ -->\n<title>Polityka prywatno\u015bci - Klub I&#039;m Fit \u0141\u00f3d\u017a<\/title>\n<meta name=\"robots\" content=\"index, follow, max-snippet:-1, max-image-preview:large, max-video-preview:-1\" \/>\n<link rel=\"canonical\" href=\"https:\/\/imfit.pl\/polityka-prywatnosci\/\" \/>\n<meta property=\"og:locale\" content=\"ru_RU\" \/>\n<meta property=\"og:type\" content=\"article\" \/>\n<meta property=\"og:title\" content=\"Polityka prywatno\u015bci - Klub I&#039;m Fit \u0141\u00f3d\u017a\" \/>\n<meta property=\"og:url\" content=\"https:\/\/imfit.pl\/polityka-prywatnosci\/\" \/>\n<meta property=\"og:site_name\" content=\"Klub I&#039;m Fit \u0141\u00f3d\u017a\" \/>\n<meta property=\"article:publisher\" content=\"https:\/\/www.facebook.com\/ImFitpl\" \/>\n<meta property=\"article:modified_time\" content=\"2019-02-13T12:01:12+00:00\" \/>\n<meta name=\"twitter:card\" content=\"summary_large_image\" \/>\n<meta name=\"twitter:site\" content=\"@ImFit2\" \/>\n<!-- \/ Yoast SEO plugin. -->","yoast_head_json":{"title":"Polityka prywatno\u015bci - Klub I&#039;m Fit \u0141\u00f3d\u017a","robots":{"index":"index","follow":"follow","max-snippet":"max-snippet:-1","max-image-preview":"max-image-preview:large","max-video-preview":"max-video-preview:-1"},"canonical":"https:\/\/imfit.pl\/polityka-prywatnosci\/","og_locale":"ru_RU","og_type":"article","og_title":"Polityka prywatno\u015bci - Klub I&#039;m Fit \u0141\u00f3d\u017a","og_url":"https:\/\/imfit.pl\/polityka-prywatnosci\/","og_site_name":"Klub I&#039;m Fit \u0141\u00f3d\u017a","article_publisher":"https:\/\/www.facebook.com\/ImFitpl","article_modified_time":"2019-02-13T12:01:12+00:00","twitter_card":"summary_large_image","twitter_site":"@ImFit2","schema":{"@context":"https:\/\/schema.org","@graph":[{"@type":"WebSite","@id":"https:\/\/imfit.pl\/de\/#website","url":"https:\/\/imfit.pl\/de\/","name":"Klub I&#039;m Fit \u0141\u00f3d\u017a","description":"Squash, Si\u0142ownia, Fitness, Indoor cycling","potentialAction":[{"@type":"SearchAction","target":{"@type":"EntryPoint","urlTemplate":"https:\/\/imfit.pl\/de\/?s={search_term_string}"},"query-input":"required name=search_term_string"}],"inLanguage":"ru-RU"},{"@type":"WebPage","@id":"https:\/\/imfit.pl\/polityka-prywatnosci\/#webpage","url":"https:\/\/imfit.pl\/polityka-prywatnosci\/","name":"Polityka prywatno\u015bci - Klub I&#039;m Fit \u0141\u00f3d\u017a","isPartOf":{"@id":"https:\/\/imfit.pl\/de\/#website"},"datePublished":"2019-02-13T12:01:10+00:00","dateModified":"2019-02-13T12:01:12+00:00","breadcrumb":{"@id":"https:\/\/imfit.pl\/polityka-prywatnosci\/#breadcrumb"},"inLanguage":"ru-RU","potentialAction":[{"@type":"ReadAction","target":["https:\/\/imfit.pl\/polityka-prywatnosci\/"]}]},{"@type":"BreadcrumbList","@id":"https:\/\/imfit.pl\/polityka-prywatnosci\/#breadcrumb","itemListElement":[{"@type":"ListItem","position":1,"name":"Strona g\u0142\u00f3wna","item":"https:\/\/imfit.pl\/"},{"@type":"ListItem","position":2,"name":"Polityka prywatno\u015bci"}]}]}},"_links":{"self":[{"href":"https:\/\/imfit.pl\/ru\/wp-json\/wp\/v2\/pages\/199"}],"collection":[{"href":"https:\/\/imfit.pl\/ru\/wp-json\/wp\/v2\/pages"}],"about":[{"href":"https:\/\/imfit.pl\/ru\/wp-json\/wp\/v2\/types\/page"}],"author":[{"embeddable":true,"href":"https:\/\/imfit.pl\/ru\/wp-json\/wp\/v2\/users\/1"}],"replies":[{"embeddable":true,"href":"https:\/\/imfit.pl\/ru\/wp-json\/wp\/v2\/comments?post=199"}],"version-history":[{"count":1,"href":"https:\/\/imfit.pl\/ru\/wp-json\/wp\/v2\/pages\/199\/revisions"}],"predecessor-version":[{"id":200,"href":"https:\/\/imfit.pl\/ru\/wp-json\/wp\/v2\/pages\/199\/revisions\/200"}],"wp:attachment":[{"href":"https:\/\/imfit.pl\/ru\/wp-json\/wp\/v2\/media?parent=199"}],"curies":[{"name":"wp","href":"https:\/\/api.w.org\/{rel}","templated":true}]}}