{"id":224,"date":"2019-02-17T17:20:15","date_gmt":"2019-02-17T16:20:15","guid":{"rendered":"https:\/\/wp.imfit.pl\/?page_id=224"},"modified":"2022-03-01T09:59:34","modified_gmt":"2022-03-01T08:59:34","slug":"cennik","status":"publish","type":"page","link":"https:\/\/imfit.pl\/fr\/silownia\/cennik\/","title":{"rendered":"Cennik si\u0142ownia"},"content":{"rendered":"<h1>Cennik si\u0142ownia<\/h1>\n","protected":false},"excerpt":{"rendered":"<p>Cennik si\u0142ownia<\/p>\n","protected":false},"author":1,"featured_media":0,"parent":19,"menu_order":0,"comment_status":"closed","ping_status":"closed","template":"","meta":{"_monsterinsights_skip_tracking":false,"_monsterinsights_sitenote_active":false,"_monsterinsights_sitenote_note":"","_monsterinsights_sitenote_category":0},"translation":{"provider":"WPGlobus","version":"3.0.1","language":"fr","enabled_languages":["en","es","de","fr","ru"],"languages":{"en":{"title":true,"content":true,"excerpt":false},"es":{"title":false,"content":false,"excerpt":false},"de":{"title":false,"content":false,"excerpt":false},"fr":{"title":false,"content":false,"excerpt":false},"ru":{"title":false,"content":false,"excerpt":false}}},"yoast_head":"<!-- This site is optimized with the Yoast SEO plugin v18.4.1 - https:\/\/yoast.com\/wordpress\/plugins\/seo\/ -->\n<title>Cennik si\u0142ownia - Klub I&#039;m Fit \u0141\u00f3d\u017a<\/title>\n<meta name=\"robots\" content=\"index, follow, max-snippet:-1, max-image-preview:large, max-video-preview:-1\" \/>\n<link rel=\"canonical\" href=\"https:\/\/imfit.pl\/silownia\/cennik\/\" \/>\n<meta property=\"og:locale\" content=\"fr_FR\" \/>\n<meta property=\"og:type\" content=\"article\" \/>\n<meta property=\"og:title\" content=\"Cennik si\u0142ownia - Klub I&#039;m Fit \u0141\u00f3d\u017a\" \/>\n<meta property=\"og:url\" content=\"https:\/\/imfit.pl\/silownia\/cennik\/\" \/>\n<meta property=\"og:site_name\" content=\"Klub I&#039;m Fit \u0141\u00f3d\u017a\" \/>\n<meta property=\"article:publisher\" content=\"https:\/\/www.facebook.com\/ImFitpl\" \/>\n<meta property=\"article:modified_time\" content=\"2022-03-01T08:59:34+00:00\" \/>\n<meta name=\"twitter:card\" content=\"summary_large_image\" \/>\n<meta name=\"twitter:site\" content=\"@ImFit2\" \/>\n<!-- \/ Yoast SEO plugin. -->","yoast_head_json":{"title":"Cennik si\u0142ownia - Klub I&#039;m Fit \u0141\u00f3d\u017a","robots":{"index":"index","follow":"follow","max-snippet":"max-snippet:-1","max-image-preview":"max-image-preview:large","max-video-preview":"max-video-preview:-1"},"canonical":"https:\/\/imfit.pl\/silownia\/cennik\/","og_locale":"fr_FR","og_type":"article","og_title":"Cennik si\u0142ownia - Klub I&#039;m Fit \u0141\u00f3d\u017a","og_url":"https:\/\/imfit.pl\/silownia\/cennik\/","og_site_name":"Klub I&#039;m Fit \u0141\u00f3d\u017a","article_publisher":"https:\/\/www.facebook.com\/ImFitpl","article_modified_time":"2022-03-01T08:59:34+00:00","twitter_card":"summary_large_image","twitter_site":"@ImFit2","schema":{"@context":"https:\/\/schema.org","@graph":[{"@type":"WebSite","@id":"https:\/\/imfit.pl\/de\/#website","url":"https:\/\/imfit.pl\/de\/","name":"Klub I&#039;m Fit \u0141\u00f3d\u017a","description":"Squash, Si\u0142ownia, Fitness, Indoor cycling","potentialAction":[{"@type":"SearchAction","target":{"@type":"EntryPoint","urlTemplate":"https:\/\/imfit.pl\/de\/?s={search_term_string}"},"query-input":"required name=search_term_string"}],"inLanguage":"fr-FR"},{"@type":"WebPage","@id":"https:\/\/imfit.pl\/silownia\/cennik\/#webpage","url":"https:\/\/imfit.pl\/silownia\/cennik\/","name":"Cennik si\u0142ownia - Klub I&#039;m Fit \u0141\u00f3d\u017a","isPartOf":{"@id":"https:\/\/imfit.pl\/de\/#website"},"datePublished":"2019-02-17T16:20:15+00:00","dateModified":"2022-03-01T08:59:34+00:00","description":"Zapewniamy najatrakcyjniejsze ceny wej\u015b\u0107 na si\u0142owni\u0119, zaj\u0119cia fitness, indoor cycling oraz trening\u00f3w personalnych. Sprawd\u017a nasz\u0105 ofert\u0119.","breadcrumb":{"@id":"https:\/\/imfit.pl\/silownia\/cennik\/#breadcrumb"},"inLanguage":"fr-FR","potentialAction":[{"@type":"ReadAction","target":["https:\/\/imfit.pl\/silownia\/cennik\/"]}]},{"@type":"BreadcrumbList","@id":"https:\/\/imfit.pl\/silownia\/cennik\/#breadcrumb","itemListElement":[{"@type":"ListItem","position":1,"name":"Strona g\u0142\u00f3wna","item":"https:\/\/imfit.pl\/"},{"@type":"ListItem","position":2,"name":"Si\u0142ownia","item":"https:\/\/imfit.pl\/es\/silownia\/"},{"@type":"ListItem","position":3,"name":"Cennik si\u0142ownia"}]}]}},"_links":{"self":[{"href":"https:\/\/imfit.pl\/fr\/wp-json\/wp\/v2\/pages\/224"}],"collection":[{"href":"https:\/\/imfit.pl\/fr\/wp-json\/wp\/v2\/pages"}],"about":[{"href":"https:\/\/imfit.pl\/fr\/wp-json\/wp\/v2\/types\/page"}],"author":[{"embeddable":true,"href":"https:\/\/imfit.pl\/fr\/wp-json\/wp\/v2\/users\/1"}],"replies":[{"embeddable":true,"href":"https:\/\/imfit.pl\/fr\/wp-json\/wp\/v2\/comments?post=224"}],"version-history":[{"count":5,"href":"https:\/\/imfit.pl\/fr\/wp-json\/wp\/v2\/pages\/224\/revisions"}],"predecessor-version":[{"id":355,"href":"https:\/\/imfit.pl\/fr\/wp-json\/wp\/v2\/pages\/224\/revisions\/355"}],"up":[{"embeddable":true,"href":"https:\/\/imfit.pl\/fr\/wp-json\/wp\/v2\/pages\/19"}],"wp:attachment":[{"href":"https:\/\/imfit.pl\/fr\/wp-json\/wp\/v2\/media?parent=224"}],"curies":[{"name":"wp","href":"https:\/\/api.w.org\/{rel}","templated":true}]}}