{"id":93,"date":"2019-01-01T13:09:25","date_gmt":"2019-01-01T12:09:25","guid":{"rendered":"https:\/\/wp.imfit.pl\/?page_id=93"},"modified":"2024-09-02T07:26:02","modified_gmt":"2024-09-02T05:26:02","slug":"cennik-squash","status":"publish","type":"page","link":"https:\/\/imfit.pl\/es\/squash\/cennik-squash\/","title":{"rendered":"Cennik squash"},"content":{"rendered":"","protected":false},"excerpt":{"rendered":"","protected":false},"author":1,"featured_media":0,"parent":16,"menu_order":0,"comment_status":"closed","ping_status":"closed","template":"","meta":{"_monsterinsights_skip_tracking":false,"_monsterinsights_sitenote_active":false,"_monsterinsights_sitenote_note":"","_monsterinsights_sitenote_category":0},"translation":{"provider":"WPGlobus","version":"3.0.1","language":"es","enabled_languages":["en","es","de","fr","ru"],"languages":{"en":{"title":true,"content":false,"excerpt":false},"es":{"title":false,"content":false,"excerpt":false},"de":{"title":false,"content":false,"excerpt":false},"fr":{"title":false,"content":false,"excerpt":false},"ru":{"title":false,"content":false,"excerpt":false}}},"yoast_head":"<!-- This site is optimized with the Yoast SEO plugin v18.4.1 - https:\/\/yoast.com\/wordpress\/plugins\/seo\/ -->\n<title>Cennik squash - Klub I&#039;m Fit \u0141\u00f3d\u017a<\/title>\n<meta name=\"robots\" content=\"index, follow, max-snippet:-1, max-image-preview:large, max-video-preview:-1\" \/>\n<link rel=\"canonical\" href=\"https:\/\/imfit.pl\/squash\/cennik-squash\/\" \/>\n<meta property=\"og:locale\" content=\"es_ES\" \/>\n<meta property=\"og:type\" content=\"article\" \/>\n<meta property=\"og:title\" content=\"Cennik squash - Klub I&#039;m Fit \u0141\u00f3d\u017a\" \/>\n<meta property=\"og:url\" content=\"https:\/\/imfit.pl\/squash\/cennik-squash\/\" \/>\n<meta property=\"og:site_name\" content=\"Klub I&#039;m Fit \u0141\u00f3d\u017a\" \/>\n<meta property=\"article:publisher\" content=\"https:\/\/www.facebook.com\/ImFitpl\" \/>\n<meta property=\"article:modified_time\" content=\"2024-09-02T05:26:02+00:00\" \/>\n<meta name=\"twitter:card\" content=\"summary_large_image\" \/>\n<meta name=\"twitter:site\" content=\"@ImFit2\" \/>\n<!-- \/ Yoast SEO plugin. -->","yoast_head_json":{"title":"Cennik squash - Klub I&#039;m Fit \u0141\u00f3d\u017a","robots":{"index":"index","follow":"follow","max-snippet":"max-snippet:-1","max-image-preview":"max-image-preview:large","max-video-preview":"max-video-preview:-1"},"canonical":"https:\/\/imfit.pl\/squash\/cennik-squash\/","og_locale":"es_ES","og_type":"article","og_title":"Cennik squash - Klub I&#039;m Fit \u0141\u00f3d\u017a","og_url":"https:\/\/imfit.pl\/squash\/cennik-squash\/","og_site_name":"Klub I&#039;m Fit \u0141\u00f3d\u017a","article_publisher":"https:\/\/www.facebook.com\/ImFitpl","article_modified_time":"2024-09-02T05:26:02+00:00","twitter_card":"summary_large_image","twitter_site":"@ImFit2","schema":{"@context":"https:\/\/schema.org","@graph":[{"@type":"WebSite","@id":"https:\/\/imfit.pl\/de\/#website","url":"https:\/\/imfit.pl\/de\/","name":"Klub I&#039;m Fit \u0141\u00f3d\u017a","description":"Squash, Si\u0142ownia, Fitness, Indoor cycling","potentialAction":[{"@type":"SearchAction","target":{"@type":"EntryPoint","urlTemplate":"https:\/\/imfit.pl\/de\/?s={search_term_string}"},"query-input":"required name=search_term_string"}],"inLanguage":"es-ES"},{"@type":"WebPage","@id":"https:\/\/imfit.pl\/squash\/cennik-squash\/#webpage","url":"https:\/\/imfit.pl\/squash\/cennik-squash\/","name":"Cennik squash - Klub I&#039;m Fit \u0141\u00f3d\u017a","isPartOf":{"@id":"https:\/\/imfit.pl\/de\/#website"},"datePublished":"2019-01-01T12:09:25+00:00","dateModified":"2024-09-02T05:26:02+00:00","description":"Godzina gry ju\u017c od 30 z\u0142 za godzi\u0119 (cena promocyjna dla uczni\u00f3w i student\u00f3w). Promocyjne cany na karnety, 5 godzin ju\u017c od 185 z\u0142.","breadcrumb":{"@id":"https:\/\/imfit.pl\/squash\/cennik-squash\/#breadcrumb"},"inLanguage":"es-ES","potentialAction":[{"@type":"ReadAction","target":["https:\/\/imfit.pl\/squash\/cennik-squash\/"]}]},{"@type":"BreadcrumbList","@id":"https:\/\/imfit.pl\/squash\/cennik-squash\/#breadcrumb","itemListElement":[{"@type":"ListItem","position":1,"name":"Strona g\u0142\u00f3wna","item":"https:\/\/imfit.pl\/"},{"@type":"ListItem","position":2,"name":"Squash","item":"https:\/\/imfit.pl\/squash\/"},{"@type":"ListItem","position":3,"name":"Cennik squash"}]}]}},"_links":{"self":[{"href":"https:\/\/imfit.pl\/es\/wp-json\/wp\/v2\/pages\/93"}],"collection":[{"href":"https:\/\/imfit.pl\/es\/wp-json\/wp\/v2\/pages"}],"about":[{"href":"https:\/\/imfit.pl\/es\/wp-json\/wp\/v2\/types\/page"}],"author":[{"embeddable":true,"href":"https:\/\/imfit.pl\/es\/wp-json\/wp\/v2\/users\/1"}],"replies":[{"embeddable":true,"href":"https:\/\/imfit.pl\/es\/wp-json\/wp\/v2\/comments?post=93"}],"version-history":[{"count":4,"href":"https:\/\/imfit.pl\/es\/wp-json\/wp\/v2\/pages\/93\/revisions"}],"predecessor-version":[{"id":449,"href":"https:\/\/imfit.pl\/es\/wp-json\/wp\/v2\/pages\/93\/revisions\/449"}],"up":[{"embeddable":true,"href":"https:\/\/imfit.pl\/es\/wp-json\/wp\/v2\/pages\/16"}],"wp:attachment":[{"href":"https:\/\/imfit.pl\/es\/wp-json\/wp\/v2\/media?parent=93"}],"curies":[{"name":"wp","href":"https:\/\/api.w.org\/{rel}","templated":true}]}}