{"id":26,"date":"2015-04-07T11:15:03","date_gmt":"2015-04-07T11:15:03","guid":{"rendered":"http:\/\/themes.muffingroup.com\/be\/gym\/?page_id=26"},"modified":"2023-08-17T13:30:01","modified_gmt":"2023-08-17T11:30:01","slug":"kontakt","status":"publish","type":"page","link":"https:\/\/imfit.pl\/es\/kontakt\/","title":{"rendered":"Kontakt"},"content":{"rendered":"","protected":false},"excerpt":{"rendered":"","protected":false},"author":1,"featured_media":0,"parent":0,"menu_order":0,"comment_status":"open","ping_status":"open","template":"","meta":{"_monsterinsights_skip_tracking":false,"_monsterinsights_sitenote_active":false,"_monsterinsights_sitenote_note":"","_monsterinsights_sitenote_category":0},"translation":{"provider":"WPGlobus","version":"3.0.1","language":"es","enabled_languages":["en","es","de","fr","ru"],"languages":{"en":{"title":true,"content":false,"excerpt":false},"es":{"title":false,"content":false,"excerpt":false},"de":{"title":false,"content":false,"excerpt":false},"fr":{"title":false,"content":false,"excerpt":false},"ru":{"title":false,"content":false,"excerpt":false}}},"yoast_head":"<!-- This site is optimized with the Yoast SEO plugin v18.4.1 - https:\/\/yoast.com\/wordpress\/plugins\/seo\/ -->\n<title>Kontakt - Klub I&#039;m Fit \u0141\u00f3d\u017a<\/title>\n<meta name=\"robots\" content=\"index, follow, max-snippet:-1, max-image-preview:large, max-video-preview:-1\" \/>\n<link rel=\"canonical\" href=\"https:\/\/imfit.pl\/kontakt\/\" \/>\n<meta property=\"og:locale\" content=\"es_ES\" \/>\n<meta property=\"og:type\" content=\"article\" \/>\n<meta property=\"og:title\" content=\"Kontakt - Klub I&#039;m Fit \u0141\u00f3d\u017a\" \/>\n<meta property=\"og:url\" content=\"https:\/\/imfit.pl\/kontakt\/\" \/>\n<meta property=\"og:site_name\" content=\"Klub I&#039;m Fit \u0141\u00f3d\u017a\" \/>\n<meta property=\"article:publisher\" content=\"https:\/\/www.facebook.com\/ImFitpl\" \/>\n<meta property=\"article:modified_time\" content=\"2023-08-17T11:30:01+00:00\" \/>\n<meta name=\"twitter:card\" content=\"summary_large_image\" \/>\n<meta name=\"twitter:site\" content=\"@ImFit2\" \/>\n<!-- \/ Yoast SEO plugin. -->","yoast_head_json":{"title":"Kontakt - Klub I&#039;m Fit \u0141\u00f3d\u017a","robots":{"index":"index","follow":"follow","max-snippet":"max-snippet:-1","max-image-preview":"max-image-preview:large","max-video-preview":"max-video-preview:-1"},"canonical":"https:\/\/imfit.pl\/kontakt\/","og_locale":"es_ES","og_type":"article","og_title":"Kontakt - Klub I&#039;m Fit \u0141\u00f3d\u017a","og_url":"https:\/\/imfit.pl\/kontakt\/","og_site_name":"Klub I&#039;m Fit \u0141\u00f3d\u017a","article_publisher":"https:\/\/www.facebook.com\/ImFitpl","article_modified_time":"2023-08-17T11:30:01+00:00","twitter_card":"summary_large_image","twitter_site":"@ImFit2","schema":{"@context":"https:\/\/schema.org","@graph":[{"@type":"WebSite","@id":"https:\/\/imfit.pl\/de\/#website","url":"https:\/\/imfit.pl\/de\/","name":"Klub I&#039;m Fit \u0141\u00f3d\u017a","description":"Squash, Si\u0142ownia, Fitness, Indoor cycling","potentialAction":[{"@type":"SearchAction","target":{"@type":"EntryPoint","urlTemplate":"https:\/\/imfit.pl\/de\/?s={search_term_string}"},"query-input":"required name=search_term_string"}],"inLanguage":"es-ES"},{"@type":"WebPage","@id":"https:\/\/imfit.pl\/kontakt\/#webpage","url":"https:\/\/imfit.pl\/kontakt\/","name":"Kontakt - Klub I&#039;m Fit \u0141\u00f3d\u017a","isPartOf":{"@id":"https:\/\/imfit.pl\/de\/#website"},"datePublished":"2015-04-07T11:15:03+00:00","dateModified":"2023-08-17T11:30:01+00:00","description":"Dane kontaktowe: Klub I'm Fit, adres: \u0141\u00f3d\u017a, Al. Marsza\u0142ka J\u00f3zefa Pi\u0142sudskiego 10, Telefon: 601 653 596, (42) 663 97 77, Email: kontakt@imfit.pl","breadcrumb":{"@id":"https:\/\/imfit.pl\/kontakt\/#breadcrumb"},"inLanguage":"es-ES","potentialAction":[{"@type":"ReadAction","target":["https:\/\/imfit.pl\/kontakt\/"]}]},{"@type":"BreadcrumbList","@id":"https:\/\/imfit.pl\/kontakt\/#breadcrumb","itemListElement":[{"@type":"ListItem","position":1,"name":"Strona g\u0142\u00f3wna","item":"https:\/\/imfit.pl\/"},{"@type":"ListItem","position":2,"name":"Kontakt"}]}]}},"_links":{"self":[{"href":"https:\/\/imfit.pl\/es\/wp-json\/wp\/v2\/pages\/26"}],"collection":[{"href":"https:\/\/imfit.pl\/es\/wp-json\/wp\/v2\/pages"}],"about":[{"href":"https:\/\/imfit.pl\/es\/wp-json\/wp\/v2\/types\/page"}],"author":[{"embeddable":true,"href":"https:\/\/imfit.pl\/es\/wp-json\/wp\/v2\/users\/1"}],"replies":[{"embeddable":true,"href":"https:\/\/imfit.pl\/es\/wp-json\/wp\/v2\/comments?post=26"}],"version-history":[{"count":1,"href":"https:\/\/imfit.pl\/es\/wp-json\/wp\/v2\/pages\/26\/revisions"}],"predecessor-version":[{"id":59,"href":"https:\/\/imfit.pl\/es\/wp-json\/wp\/v2\/pages\/26\/revisions\/59"}],"wp:attachment":[{"href":"https:\/\/imfit.pl\/es\/wp-json\/wp\/v2\/media?parent=26"}],"curies":[{"name":"wp","href":"https:\/\/api.w.org\/{rel}","templated":true}]}}