{"id":41,"date":"2015-04-01T08:07:40","date_gmt":"2015-04-01T08:07:40","guid":{"rendered":"http:\/\/themes.muffingroup.com\/be\/gym\/?page_id=2"},"modified":"2023-08-17T13:54:54","modified_gmt":"2023-08-17T11:54:54","slug":"home","status":"publish","type":"page","link":"https:\/\/imfit.pl\/de\/","title":{"rendered":"Strona g\u0142\u00f3wna"},"content":{"rendered":"<h1 style=\"color: #fcfcfc;\">Klub I&#8217;m Fit \u0141\u00f3d\u017a Squash, Si\u0142ownia, Fitness, Indoor Cycling<\/h1>\n","protected":false},"excerpt":{"rendered":"<p>Klub I&#8217;m Fit \u0141\u00f3d\u017a Squash, Si\u0142ownia, Fitness, Indoor Cycling<\/p>\n","protected":false},"author":1,"featured_media":0,"parent":0,"menu_order":0,"comment_status":"open","ping_status":"open","template":"","meta":{"_monsterinsights_skip_tracking":false,"_monsterinsights_sitenote_active":false,"_monsterinsights_sitenote_note":"","_monsterinsights_sitenote_category":0},"translation":{"provider":"WPGlobus","version":"3.0.1","language":"de","enabled_languages":["en","es","de","fr","ru"],"languages":{"en":{"title":true,"content":true,"excerpt":false},"es":{"title":false,"content":false,"excerpt":false},"de":{"title":false,"content":false,"excerpt":false},"fr":{"title":false,"content":false,"excerpt":false},"ru":{"title":false,"content":false,"excerpt":false}}},"yoast_head":"<!-- This site is optimized with the Yoast SEO plugin v18.4.1 - https:\/\/yoast.com\/wordpress\/plugins\/seo\/ -->\n<title>I&#039;m Fit \u0141\u00f3d\u017a | Squash, Fitness, Si\u0142ownia, Indoor Cycling<\/title>\n<meta name=\"robots\" content=\"index, follow, max-snippet:-1, max-image-preview:large, max-video-preview:-1\" \/>\n<link rel=\"canonical\" href=\"https:\/\/imfit.pl\/\" \/>\n<meta property=\"og:locale\" content=\"de_DE\" \/>\n<meta property=\"og:type\" content=\"article\" \/>\n<meta property=\"og:title\" content=\"Strona g\u0142\u00f3wna - Klub I&#039;m Fit \u0141\u00f3d\u017a\" \/>\n<meta property=\"og:url\" content=\"https:\/\/imfit.pl\/\" \/>\n<meta property=\"og:site_name\" content=\"Klub I&#039;m Fit \u0141\u00f3d\u017a\" \/>\n<meta property=\"article:publisher\" content=\"https:\/\/www.facebook.com\/ImFitpl\" \/>\n<meta property=\"article:modified_time\" content=\"2023-08-17T11:54:54+00:00\" \/>\n<meta name=\"twitter:card\" content=\"summary_large_image\" \/>\n<meta name=\"twitter:site\" content=\"@ImFit2\" \/>\n<!-- \/ Yoast SEO plugin. -->","yoast_head_json":{"title":"I'm Fit \u0141\u00f3d\u017a | Squash, Fitness, Si\u0142ownia, Indoor Cycling","robots":{"index":"index","follow":"follow","max-snippet":"max-snippet:-1","max-image-preview":"max-image-preview:large","max-video-preview":"max-video-preview:-1"},"canonical":"https:\/\/imfit.pl\/","og_locale":"de_DE","og_type":"article","og_title":"Strona g\u0142\u00f3wna - Klub I&#039;m Fit \u0141\u00f3d\u017a","og_url":"https:\/\/imfit.pl\/","og_site_name":"Klub I&#039;m Fit \u0141\u00f3d\u017a","article_publisher":"https:\/\/www.facebook.com\/ImFitpl","article_modified_time":"2023-08-17T11:54:54+00:00","twitter_card":"summary_large_image","twitter_site":"@ImFit2","schema":{"@context":"https:\/\/schema.org","@graph":[{"@type":"WebSite","@id":"https:\/\/imfit.pl\/de\/#website","url":"https:\/\/imfit.pl\/de\/","name":"Klub I&#039;m Fit \u0141\u00f3d\u017a","description":"Squash, Si\u0142ownia, Fitness, Indoor cycling","potentialAction":[{"@type":"SearchAction","target":{"@type":"EntryPoint","urlTemplate":"https:\/\/imfit.pl\/de\/?s={search_term_string}"},"query-input":"required name=search_term_string"}],"inLanguage":"de-DE"},{"@type":"WebPage","@id":"https:\/\/imfit.pl\/#webpage","url":"https:\/\/imfit.pl\/","name":"I'm Fit \u0141\u00f3d\u017a | Squash, Fitness, Si\u0142ownia, Indoor Cycling","isPartOf":{"@id":"https:\/\/imfit.pl\/de\/#website"},"datePublished":"2015-04-01T08:07:40+00:00","dateModified":"2023-08-17T11:54:54+00:00","description":"Klub fitness, si\u0142ownia, squash i indoor cycling w centrum \u0141odzi na ul. Pi\u0142sudskiego 10. Serdecznie zapraszamy na squasha, si\u0142owni\u0119 i zaj\u0119cia fitness.","breadcrumb":{"@id":"https:\/\/imfit.pl\/#breadcrumb"},"inLanguage":"de-DE","potentialAction":[{"@type":"ReadAction","target":["https:\/\/imfit.pl\/"]}]},{"@type":"BreadcrumbList","@id":"https:\/\/imfit.pl\/#breadcrumb","itemListElement":[{"@type":"ListItem","position":1,"name":"Strona g\u0142\u00f3wna","item":"https:\/\/imfit.pl\/"},{"@type":"ListItem","position":2,"name":"Strona g\u0142\u00f3wna"}]}]}},"_links":{"self":[{"href":"https:\/\/imfit.pl\/de\/wp-json\/wp\/v2\/pages\/41"}],"collection":[{"href":"https:\/\/imfit.pl\/de\/wp-json\/wp\/v2\/pages"}],"about":[{"href":"https:\/\/imfit.pl\/de\/wp-json\/wp\/v2\/types\/page"}],"author":[{"embeddable":true,"href":"https:\/\/imfit.pl\/de\/wp-json\/wp\/v2\/users\/1"}],"replies":[{"embeddable":true,"href":"https:\/\/imfit.pl\/de\/wp-json\/wp\/v2\/comments?post=41"}],"version-history":[{"count":7,"href":"https:\/\/imfit.pl\/de\/wp-json\/wp\/v2\/pages\/41\/revisions"}],"predecessor-version":[{"id":430,"href":"https:\/\/imfit.pl\/de\/wp-json\/wp\/v2\/pages\/41\/revisions\/430"}],"wp:attachment":[{"href":"https:\/\/imfit.pl\/de\/wp-json\/wp\/v2\/media?parent=41"}],"curies":[{"name":"wp","href":"https:\/\/api.w.org\/{rel}","templated":true}]}}